{"id":976,"date":"2017-10-31T03:38:35","date_gmt":"2017-10-31T03:38:35","guid":{"rendered":"https:\/\/www.apparatebau-riess.com\/start\/?page_id=976"},"modified":"2022-09-04T20:30:18","modified_gmt":"2022-09-04T13:30:18","slug":"start","status":"publish","type":"page","link":"https:\/\/www.apparatebau-riess.com\/start\/","title":{"rendered":"Start"},"content":{"rendered":"<p>[vc_row lg_spacing=&#187;padding_top:100;padding_bottom:130&#8243;][vc_column][tm_heading custom_google_font=&#187;&#187; text_color=&#187;secondary_color&#187; text=&#187;\u00dcber uns &#8211; \u00dcber 70 Jahre Erfahrung mit Eisen und Stahl&#187; typed_list=&#187;%5B%7B%7D%5D&#187; font_size=&#187;lg:20&#8243; line_height=&#187;1&#8243; css=&#187;.vc_custom_1655742857278{padding-bottom: 22px !important;}&#187;][tm_heading custom_google_font=&#187;&#187; text=&#187;Beh\u00e4lterbau in vielen Variationen &#8211; Metallverarbeitung auf h\u00f6chstem Niveau&#187; typed_list=&#187;%5B%7B%7D%5D&#187; font_size=&#187;lg:36&#8243; line_height=&#187;1.2&#8243; css=&#187;.vc_custom_1656412153409{padding-bottom: 70px !important;}&#187;][vc_column_text]<\/p>\n<div>\n<div>Unser Firmensitz befindet sich in<b>\u00a0<\/b>Geesthacht an der Elbe, direkt an den Grenzen zu Hamburg. Wir bieten mit unseren qualifizierten Mitarbeitern und einem gro\u00dfen modernen Maschinenpark ein breites Spektrum an Bearbeitungsm\u00f6glichkeiten.<\/div>\n<div><\/div>\n<div>\n<div>Welche Anforderung auch immer Sie im Bereich Apparatebau, Beh\u00e4lterbau und Sonderapparate stellen &#8211; Maschinenkomponenten oder \u00fcberdimensionierte Anlagenteile &#8211; wir bei Riess machen vieles m\u00f6glich. Unsere Mitarbeiter sind erfahrene Ansprechpartner in allen technischen Fragen und beraten Sie gerne.<\/div>\n<\/div>\n<\/div>\n<div><\/div>\n<p>[\/vc_column_text][vc_empty_space][vc_row_inner][vc_column_inner width=&#187;1\/3&#8243;][tm_box_icon feature=&#187;image&#187; type=&#187;pe7stroke&#187; icon_pe7stroke=&#187;pe-7s-home&#187; heading=&#187;Walzerei&#187; text=&#187;Zwischen drei oder mehreren rotierenden Walzen kalt umgeformt z.B. bei ID= 700 x 40 x 3000 mm lg. Werkstoff S355J2G3&#8243; max_width=&#187;247px&#187; image=&#187;1585&#8243;][\/vc_column_inner][vc_column_inner width=&#187;1\/3&#8243;][tm_box_icon feature=&#187;image&#187; type=&#187;pe7stroke&#187; icon_pe7stroke=&#187;pe-7s-paint&#187; heading=&#187;Beh\u00e4lterbau&#187; text=&#187;Nach vorgegebenen Zeichnungen erstellen wir beheizte und unbeheizte Beh\u00e4lter bis max. D = 4000 mm aus einem St\u00fcck.&#187; max_width=&#187;247px&#187; image=&#187;1549&#8243;][\/vc_column_inner][vc_column_inner width=&#187;1\/3&#8243;][tm_box_icon feature=&#187;image&#187; type=&#187;pe7stroke&#187; icon_pe7stroke=&#187;pe-7s-home&#187; heading=&#187;Zerspanung&#187; max_width=&#187;247px&#187; image=&#187;1587&#8243; text=&#187;Diverse Karusseldrehmaschinen bis D = 4000 mm &amp; diverse Drehmaschinen bis D = 2500 mm und bis 7500 mm lg. Mehrere Bohrwerke z. Tl. CNC bis 6000 mm lg. Gekapseltes Bearbeitungszentrum D = 2000 mm und bis 4000 mm lg.&#187;][\/vc_column_inner][\/vc_row_inner][\/vc_column][\/vc_row][vc_row full_width=&#187;stretch_row&#187; background_attachment=&#187;fixed&#187; overlay_background=&#187;primary&#187; overlay_opacity=&#187;90&#8243; lg_spacing=&#187;padding_bottom:90&#8243; background_image=&#187;1094&#8243; el_class=&#187;text-align-xs-center&#187;][vc_column][tm_heading custom_google_font=&#187;&#187; align=&#187;center&#187; text_color=&#187;custom_color&#187; custom_text_color=&#187;#ffffff&#187; animation=&#187;move-up&#187; text=&#187;Wir bilden aus! Metallbauer (Konstruktionstechnik), sowie Zerspanungsmechaniker&#187; typed_list=&#187;%5B%7B%7D%5D&#187; font_size=&#187;lg:36&#8243; max_width=&#187;610px&#187; line_height=&#187;1.2&#8243; css=&#187;.vc_custom_1655742926261{padding-top: 90px !important;}&#187;][\/vc_column][\/vc_row][vc_row full_width=&#187;stretch_row&#187; background_color=&#187;custom_color&#187; lg_spacing=&#187;padding_top:100;padding_bottom:100&#8243; custom_background_color=&#187;#f3f4fa&#187;][vc_column][tm_heading custom_google_font=&#187;&#187; align=&#187;center&#187; text_color=&#187;secondary_color&#187; text=&#187;Was uns ausmacht&#187; typed_list=&#187;%5B%7B%7D%5D&#187; font_size=&#187;lg:20&#8243;][tm_heading custom_google_font=&#187;&#187; align=&#187;center&#187; text=&#187;Unsere St\u00e4rken&#187; typed_list=&#187;%5B%7B%7D%5D&#187; font_size=&#187;lg:36&#8243; css=&#187;.vc_custom_1636974290404{margin-top: 15px !important;margin-bottom: 50px !important;}&#187;][tm_testimonial number=&#187;9&#8243; nav=&#187;1&#8243; carousel_gutter=&#187;30&#8243; carousel_items_display=&#187;xs:1;sm:2;md:3;lg:3&#8243;][\/vc_column][\/vc_row]<\/p>\n","protected":false},"excerpt":{"rendered":"[vc_row lg_spacing=&#187;padding_top:100;padding_bottom:130&#8243;][vc_column][tm_heading custom_google_font=&#187;&#187; text_color=&#187;secondary_color&#187; text=&#187;\u00dcber uns &#8211; \u00dcber 70 Jahre Erfahrung mit Eisen und Stahl&#187; typed_list=&#187;%5B%7B%7D%5D&#187; font_size=&#187;lg:20&#8243; line_height=&#187;1&#8243; css=&#187;.vc_custom_1655742857278{padding-bottom: 22px !important;}&#187;][tm_heading custom_google_font=&#187;&#187; text=&#187;Beh\u00e4lterbau in vielen Variationen &#8211; Metallverarbeitung auf h\u00f6chstem Niveau&#187; typed_list=&#187;%5B%7B%7D%5D&#187; font_size=&#187;lg:36&#8243; line_height=&#187;1.2&#8243; css=&#187;.vc_custom_1656412153409{padding-bottom: 70px !important;}&#187;][vc_column_text] Unser Firmensitz befindet sich in\u00a0Geesthacht an der Elbe, direkt an den Grenzen zu Hamburg. Wir bieten mit unseren qualifizierten Mitarbeitern und einem gro\u00dfen modernen Maschinenpark ein breites Spektrum an Bearbeitungsm\u00f6glichkeiten. Welche Anforderung auch immer Sie im Bereich Apparatebau, Beh\u00e4lterbau und Sonderapparate stellen &#8211; Maschinenkomponenten oder \u00fcberdimensionierte Anlagenteile &#8211; wir bei Riess machen vieles m\u00f6glich. Unsere Mitarbeiter sind erfahrene Ansprechpartner in allen technischen Fragen und beraten Sie gerne. [\/vc_column_text][vc_empty_space][vc_row_inner][vc_column_inner width=&#187;1\/3&#8243;][tm_box_icon feature=&#187;image&#187; type=&#187;pe7stroke&#187; icon_pe7stroke=&#187;pe-7s-home&#187; heading=&#187;Walzerei&#187; text=&#187;Zwischen drei oder mehreren rotierenden Walzen kalt umgeformt z.B. bei ID= 700 x 40 x 3000 mm lg. Werkstoff S355J2G3&#8243; max_width=&#187;247px&#187; image=&#187;1585&#8243;][\/vc_column_inner][vc_column_inner width=&#187;1\/3&#8243;][tm_box_icon feature=&#187;image&#187; type=&#187;pe7stroke&#187; icon_pe7stroke=&#187;pe-7s-paint&#187; heading=&#187;Beh\u00e4lterbau&#187; text=&#187;Nach vorgegebenen Zeichnungen erstellen wir beheizte und unbeheizte Beh\u00e4lter bis max. D = 4000 mm aus einem St\u00fcck.&#187; max_width=&#187;247px&#187; image=&#187;1549&#8243;][\/vc_column_inner][vc_column_inner width=&#187;1\/3&#8243;][tm_box_icon feature=&#187;image&#187; type=&#187;pe7stroke&#187; icon_pe7stroke=&#187;pe-7s-home&#187; heading=&#187;Zerspanung&#187; max_width=&#187;247px&#187; image=&#187;1587&#8243; text=&#187;Diverse Karusseldrehmaschinen bis D = 4000 mm &amp; diverse Drehmaschinen bis D = 2500 mm und bis 7500 mm lg. Mehrere Bohrwerke z. Tl. CNC bis 6000 mm lg. Gekapseltes Bearbeitungszentrum D = 2000 mm und bis 4000 mm lg.&#187;][\/vc_column_inner][\/vc_row_inner][\/vc_column][\/vc_row][vc_row full_width=&#187;stretch_row&#187; background_attachment=&#187;fixed&#187; overlay_background=&#187;primary&#187; overlay_opacity=&#187;90&#8243; lg_spacing=&#187;padding_bottom:90&#8243; background_image=&#187;1094&#8243; el_class=&#187;text-align-xs-center&#187;][vc_column][tm_heading custom_google_font=&#187;&#187; align=&#187;center&#187; text_color=&#187;custom_color&#187; custom_text_color=&#187;#ffffff&#187; animation=&#187;move-up&#187; text=&#187;Wir bilden aus! Metallbauer (Konstruktionstechnik), sowie Zerspanungsmechaniker&#187; typed_list=&#187;%5B%7B%7D%5D&#187; font_size=&#187;lg:36&#8243; max_width=&#187;610px&#187; line_height=&#187;1.2&#8243; css=&#187;.vc_custom_1655742926261{padding-top: 90px !important;}&#187;][\/vc_column][\/vc_row][vc_row full_width=&#187;stretch_row&#187; background_color=&#187;custom_color&#187; lg_spacing=&#187;padding_top:100;padding_bottom:100&#8243; custom_background_color=&#187;#f3f4fa&#187;][vc_column][tm_heading custom_google_font=&#187;&#187; align=&#187;center&#187; text_color=&#187;secondary_color&#187; text=&#187;Was uns ausmacht&#187; typed_list=&#187;%5B%7B%7D%5D&#187; font_size=&#187;lg:20&#8243;][tm_heading custom_google_font=&#187;&#187; align=&#187;center&#187; text=&#187;Unsere St\u00e4rken&#187; typed_list=&#187;%5B%7B%7D%5D&#187; font_size=&#187;lg:36&#8243; css=&#187;.vc_custom_1636974290404{margin-top: 15px !important;margin-bottom: 50px !important;}&#187;][tm_testimonial number=&#187;9&#8243; nav=&#187;1&#8243; carousel_gutter=&#187;30&#8243; carousel_items_display=&#187;xs:1;sm:2;md:3;lg:3&#8243;][\/vc_column][\/vc_row]","protected":false},"author":4,"featured_media":0,"parent":0,"menu_order":0,"comment_status":"closed","ping_status":"closed","template":"","meta":[],"_links":{"self":[{"href":"https:\/\/www.apparatebau-riess.com\/start\/wp-json\/wp\/v2\/pages\/976"}],"collection":[{"href":"https:\/\/www.apparatebau-riess.com\/start\/wp-json\/wp\/v2\/pages"}],"about":[{"href":"https:\/\/www.apparatebau-riess.com\/start\/wp-json\/wp\/v2\/types\/page"}],"author":[{"embeddable":true,"href":"https:\/\/www.apparatebau-riess.com\/start\/wp-json\/wp\/v2\/users\/4"}],"replies":[{"embeddable":true,"href":"https:\/\/www.apparatebau-riess.com\/start\/wp-json\/wp\/v2\/comments?post=976"}],"version-history":[{"count":27,"href":"https:\/\/www.apparatebau-riess.com\/start\/wp-json\/wp\/v2\/pages\/976\/revisions"}],"predecessor-version":[{"id":1770,"href":"https:\/\/www.apparatebau-riess.com\/start\/wp-json\/wp\/v2\/pages\/976\/revisions\/1770"}],"wp:attachment":[{"href":"https:\/\/www.apparatebau-riess.com\/start\/wp-json\/wp\/v2\/media?parent=976"}],"curies":[{"name":"wp","href":"https:\/\/api.w.org\/{rel}","templated":true}]}}