{"id":1425,"date":"2021-10-18T15:19:45","date_gmt":"2021-10-18T08:19:45","guid":{"rendered":"https:\/\/www.apparatebau-riess.com\/start\/?page_id=1425"},"modified":"2021-12-02T13:33:59","modified_gmt":"2021-12-02T06:33:59","slug":"impressum","status":"publish","type":"page","link":"https:\/\/www.apparatebau-riess.com\/start\/impressum\/","title":{"rendered":"Impressum"},"content":{"rendered":"<p>[vc_row lg_spacing=&#187;margin_bottom:30&#8243;][vc_column][vc_empty_space][vc_row_inner][vc_column_inner width=&#187;1\/2&#8243;][vc_column_text]Apparatebau J.R. Riess GmbH<br \/>\nW\u00e4rderstra\u00dfe 10 \u00b7 21502 Geesthacht<br \/>\nDeutschland \/ Germany<br \/>\nTelefon: 04152 84 54-0 \u00b7 Telefax: 04152 84 54-24<br \/>\nE-Mail: info@apparatebau-riess.de[\/vc_column_text][\/vc_column_inner][vc_column_inner width=&#187;1\/2&#8243;][vc_column_text]Gesch\u00e4ftsf\u00fchrer: Peter Haberlandt<\/p>\n<p>Amtsgericht L\u00fcbeck, HRB 084<br \/>\nSitz der Gesellschaft: Geesthacht<br \/>\nUSt-IdNr.: DE 135114090<\/p>\n<p>[\/vc_column_text][\/vc_column_inner][\/vc_row_inner][vc_empty_space][vc_column_text]Berufsrechtliche Regelungen:<br \/>\nBetriebsleiter: Peter Haberlandt, Maschinenbaumeister (Bundesrepublik Deutschland)<br \/>\nZust\u00e4ndige Kammer: Handwerkskammer L\u00fcbeck, Breite Str. 10\/12, 23552 L\u00fcbeck<br \/>\nBerufsrechtliche Regelungen: Handwerksordnung<\/p>\n<p>Gestaltung\/Konzeption\/Programmierung: Cosmos solutions<br \/>\nBilder und Videos Peter Haberlandt<br \/>\nBildbearbeitung: Cosmos solutions<br \/>\nPflege der Webseite: Susanne Haberlandt<\/p>\n<p>Texte, Grafiken und Bilder sowie das Layout und Design des Internetauftrittes sind urheberrechtlich gesch\u00fctzt. Jede Nutzung bzw. Vervielf\u00e4ltigung bedarf der ausdr\u00fccklichen Genehmigung durch Peter Haberlandt und Cosmos solutions. Eine Reproduktion bzw. Vervielf\u00e4ltigung der Internetseiten im Ganzen, in Teilen oder modifizierter Form ist grunds\u00e4tzlich untersagt. F\u00fcr Inhalte und Aussagen in den von uns gelinkten Seiten sind wir nicht verantwortlich, und in keiner Weise rechtlich zu belangen.<\/p>\n<p>Die Europ\u00e4ische Kommission stellt eine Plattform zur Online-Streitbeilegung (OS) bereit:<\/p>\n<p><a href=\"https:\/\/ec.europa.eu\/consumers\">https:\/\/ec.europa.eu\/consumers<\/a><\/p>\n<p>Unsere E-Mail-Adresse finden Sie oben im Impressum.<br \/>\nWir sind nicht bereit oder verpflichtet, an Streitbeilegungsverfahren vor einer<br \/>\nVerbraucherschlichtungsstelle teilzunehmen.<\/p>\n<p>Haftung f\u00fcr Inhalte<\/p>\n<p>Als Diensteanbieter sind wir gem\u00e4\u00df \u00a7 7 Abs.1 TMG f\u00fcr eigene Inhalte auf diesen Seiten nach den<br \/>\nallgemeinen Gesetzen verantwortlich. Nach \u00a7\u00a7 8 bis 10 TMG sind wir als Diensteanbieter jedoch nicht<br \/>\nverpflichtet, \u00fcbermittelte oder gespeicherte fremde Informationen zu \u00fcberwachen oder nach Umst\u00e4nden zu<br \/>\nforschen, die auf eine rechtswidrige T\u00e4tigkeit hinweisen.<br \/>\nVerpflichtungen zur Entfernung oder Sperrung der Nutzung von Informationen nach den allgemeinen<br \/>\nGesetzen bleiben hiervon unber\u00fchrt. Eine diesbez\u00fcgliche Haftung ist jedoch erst ab dem Zeitpunkt der<br \/>\nKenntnis einer konkreten Rechtsverletzung m\u00f6glich. Bei Bekanntwerden von entsprechenden<br \/>\nRechtsverletzungen werden wir diese Inhalte umgehend entfernen.<\/p>\n<p>Haftung f\u00fcr Links<\/p>\n<p>Unser Angebot enth\u00e4lt Links zu externen Websites Dritter, auf deren Inhalte wir keinen Einfluss haben.<br \/>\nDeshalb k\u00f6nnen wir f\u00fcr diese fremden Inhalte auch keine Gew\u00e4hr \u00fcbernehmen. F\u00fcr die Inhalte der<br \/>\nverlinkten Seiten ist stets der jeweilige Anbieter oder Betreiber der Seiten verantwortlich. Die verlinkten<br \/>\nSeiten wurden zum Zeitpunkt der Verlinkung auf m\u00f6gliche Rechtsverst\u00f6\u00dfe \u00fcberpr\u00fcft. Rechtswidrige Inhalte<br \/>\nwaren zum Zeitpunkt der Verlinkung nicht erkennbar.<br \/>\nEine permanente inhaltliche Kontrolle der verlinkten Seiten ist jedoch ohne konkrete Anhaltspunkte einer<br \/>\nRechtsverletzung nicht zumutbar. Bei Bekanntwerden von Rechtsverletzungen werden wir derartige Links<br \/>\numgehend entfernen.<\/p>\n<p>Urheberrecht<\/p>\n<p>Die durch die Seitenbetreiber erstellten Inhalte und Werke auf diesen Seiten unterliegen dem deutschen<br \/>\nUrheberrecht. Die Vervielf\u00e4ltigung, Bearbeitung, Verbreitung und jede Art der Verwertung au\u00dferhalb der<br \/>\nGrenzen des Urheberrechtes bed\u00fcrfen der schriftlichen Zustimmung des jeweiligen Autors bzw. Erstellers.<br \/>\nDownloads und Kopien dieser Seite sind nur f\u00fcr den privaten, nicht kommerziellen Gebrauch gestattet.<br \/>\nSoweit die Inhalte auf dieser Seite nicht vom Betreiber erstellt wurden, werden die Urheberrechte Dritter<br \/>\nbeachtet. Insbesondere werden Inhalte Dritter als solche gekennzeichnet. Sollten Sie trotzdem auf eine<br \/>\nUrheberrechtsverletzung aufmerksam werden, bitten wir um einen entsprechenden Hinweis. Bei<br \/>\nBekanntwerden von Rechtsverletzungen werden wir derartige Inhalte umgehend entfernen.[\/vc_column_text][\/vc_column][\/vc_row]<\/p>\n","protected":false},"excerpt":{"rendered":"[vc_row lg_spacing=&#187;margin_bottom:30&#8243;][vc_column][vc_empty_space][vc_row_inner][vc_column_inner width=&#187;1\/2&#8243;][vc_column_text]Apparatebau J.R. Riess GmbH W\u00e4rderstra\u00dfe 10 \u00b7 21502 Geesthacht Deutschland \/ Germany Telefon: 04152 84 54-0 \u00b7 Telefax: 04152 84 54-24 E-Mail: info@apparatebau-riess.de[\/vc_column_text][\/vc_column_inner][vc_column_inner width=&#187;1\/2&#8243;][vc_column_text]Gesch\u00e4ftsf\u00fchrer: Peter Haberlandt Amtsgericht L\u00fcbeck, HRB 084 Sitz der Gesellschaft: Geesthacht USt-IdNr.: DE 135114090 [\/vc_column_text][\/vc_column_inner][\/vc_row_inner][vc_empty_space][vc_column_text]Berufsrechtliche Regelungen: Betriebsleiter: Peter Haberlandt, Maschinenbaumeister (Bundesrepublik Deutschland) Zust\u00e4ndige Kammer: Handwerkskammer L\u00fcbeck, Breite Str. 10\/12, 23552 L\u00fcbeck Berufsrechtliche Regelungen: Handwerksordnung Gestaltung\/Konzeption\/Programmierung: Cosmos solutions Bilder und Videos Peter Haberlandt Bildbearbeitung: Cosmos solutions Pflege der Webseite: Susanne Haberlandt Texte, Grafiken und Bilder sowie das Layout und Design des Internetauftrittes sind urheberrechtlich gesch\u00fctzt. Jede Nutzung bzw. Vervielf\u00e4ltigung bedarf der ausdr\u00fccklichen Genehmigung durch Peter Haberlandt und Cosmos solutions. Eine Reproduktion bzw. Vervielf\u00e4ltigung der Internetseiten im Ganzen, in Teilen oder modifizierter Form ist grunds\u00e4tzlich untersagt. F\u00fcr Inhalte und Aussagen in den von uns gelinkten Seiten sind wir nicht verantwortlich, und in keiner Weise rechtlich zu belangen. Die Europ\u00e4ische Kommission stellt eine Plattform zur Online-Streitbeilegung (OS) bereit: https:\/\/ec.europa.eu\/consumers Unsere E-Mail-Adresse finden Sie oben im Impressum. Wir sind nicht bereit oder verpflichtet, an Streitbeilegungsverfahren vor einer Verbraucherschlichtungsstelle teilzunehmen. Haftung f\u00fcr Inhalte Als Diensteanbieter sind wir gem\u00e4\u00df \u00a7 7 Abs.1 TMG f\u00fcr eigene Inhalte auf diesen Seiten nach den allgemeinen Gesetzen verantwortlich. Nach \u00a7\u00a7 8 bis 10 TMG sind wir als Diensteanbieter jedoch nicht verpflichtet, \u00fcbermittelte oder gespeicherte fremde Informationen zu \u00fcberwachen oder nach Umst\u00e4nden zu forschen, die auf eine rechtswidrige T\u00e4tigkeit hinweisen. Verpflichtungen zur Entfernung oder Sperrung der Nutzung von Informationen nach den allgemeinen Gesetzen bleiben hiervon unber\u00fchrt. Eine diesbez\u00fcgliche Haftung ist jedoch erst ab dem Zeitpunkt der Kenntnis einer konkreten Rechtsverletzung m\u00f6glich. Bei Bekanntwerden von entsprechenden Rechtsverletzungen werden wir diese Inhalte umgehend entfernen. Haftung f\u00fcr Links Unser Angebot enth\u00e4lt Links zu externen Websites Dritter, auf deren Inhalte wir keinen Einfluss haben. Deshalb k\u00f6nnen wir f\u00fcr diese fremden Inhalte auch keine Gew\u00e4hr \u00fcbernehmen. F\u00fcr die Inhalte der verlinkten Seiten ist stets der jeweilige Anbieter oder Betreiber der Seiten verantwortlich. Die verlinkten Seiten wurden zum Zeitpunkt der Verlinkung auf m\u00f6gliche Rechtsverst\u00f6\u00dfe \u00fcberpr\u00fcft. Rechtswidrige Inhalte waren zum Zeitpunkt der Verlinkung nicht erkennbar. Eine permanente inhaltliche Kontrolle der verlinkten Seiten ist jedoch ohne konkrete Anhaltspunkte einer Rechtsverletzung nicht zumutbar. Bei Bekanntwerden von Rechtsverletzungen werden wir derartige Links umgehend entfernen. Urheberrecht Die durch die Seitenbetreiber erstellten Inhalte und Werke auf diesen Seiten unterliegen dem deutschen Urheberrecht. Die Vervielf\u00e4ltigung, Bearbeitung, Verbreitung und jede Art der Verwertung au\u00dferhalb der Grenzen des Urheberrechtes bed\u00fcrfen der schriftlichen Zustimmung des jeweiligen Autors bzw. Erstellers. Downloads und Kopien dieser Seite sind nur f\u00fcr den privaten, nicht kommerziellen Gebrauch gestattet. Soweit die Inhalte auf dieser Seite nicht vom Betreiber erstellt wurden, werden die Urheberrechte Dritter beachtet. Insbesondere werden Inhalte Dritter als solche gekennzeichnet. Sollten Sie trotzdem auf eine Urheberrechtsverletzung aufmerksam werden, bitten wir um einen entsprechenden Hinweis. Bei Bekanntwerden von Rechtsverletzungen werden wir derartige Inhalte umgehend entfernen.[\/vc_column_text][\/vc_column][\/vc_row]","protected":false},"author":4,"featured_media":0,"parent":0,"menu_order":0,"comment_status":"closed","ping_status":"closed","template":"","meta":[],"_links":{"self":[{"href":"https:\/\/www.apparatebau-riess.com\/start\/wp-json\/wp\/v2\/pages\/1425"}],"collection":[{"href":"https:\/\/www.apparatebau-riess.com\/start\/wp-json\/wp\/v2\/pages"}],"about":[{"href":"https:\/\/www.apparatebau-riess.com\/start\/wp-json\/wp\/v2\/types\/page"}],"author":[{"embeddable":true,"href":"https:\/\/www.apparatebau-riess.com\/start\/wp-json\/wp\/v2\/users\/4"}],"replies":[{"embeddable":true,"href":"https:\/\/www.apparatebau-riess.com\/start\/wp-json\/wp\/v2\/comments?post=1425"}],"version-history":[{"count":6,"href":"https:\/\/www.apparatebau-riess.com\/start\/wp-json\/wp\/v2\/pages\/1425\/revisions"}],"predecessor-version":[{"id":1716,"href":"https:\/\/www.apparatebau-riess.com\/start\/wp-json\/wp\/v2\/pages\/1425\/revisions\/1716"}],"wp:attachment":[{"href":"https:\/\/www.apparatebau-riess.com\/start\/wp-json\/wp\/v2\/media?parent=1425"}],"curies":[{"name":"wp","href":"https:\/\/api.w.org\/{rel}","templated":true}]}}